{"id":10,"date":"2018-08-13T11:31:04","date_gmt":"2018-08-13T11:31:04","guid":{"rendered":"http:\/\/www.wallo.cz\/?page_id=10"},"modified":"2021-04-22T15:01:43","modified_gmt":"2021-04-22T13:01:43","slug":"o-mne","status":"publish","type":"page","link":"https:\/\/www.wallo.cz\/index.php\/o-mne\/","title":{"rendered":"O mn\u011b"},"content":{"rendered":"<div class=\"page\" title=\"Page 1\">\n<div class=\"section\">\n<div class=\"layoutArea\">\n<div class=\"column\">\n<figure id=\"attachment_124\" aria-describedby=\"caption-attachment-124\" style=\"width: 1198px\" class=\"wp-caption alignnone\"><img loading=\"lazy\" class=\"size-full wp-image-124\" src=\"http:\/\/www.wallo.cz\/wp-content\/uploads\/2018\/08\/isabela-wallo-foto-umelkyne-v-atelieru.jpg\" alt=\"portr\u00e9t fotografie mal\u00ed\u0159ka Isabela Wallo v ateli\u00e9ru\" width=\"1198\" height=\"800\" srcset=\"https:\/\/www.wallo.cz\/wp-content\/uploads\/2018\/08\/isabela-wallo-foto-umelkyne-v-atelieru.jpg 1198w, https:\/\/www.wallo.cz\/wp-content\/uploads\/2018\/08\/isabela-wallo-foto-umelkyne-v-atelieru-300x200.jpg 300w, https:\/\/www.wallo.cz\/wp-content\/uploads\/2018\/08\/isabela-wallo-foto-umelkyne-v-atelieru-768x513.jpg 768w, https:\/\/www.wallo.cz\/wp-content\/uploads\/2018\/08\/isabela-wallo-foto-umelkyne-v-atelieru-1024x684.jpg 1024w\" sizes=\"(max-width: 1198px) 100vw, 1198px\" \/><figcaption id=\"caption-attachment-124\" class=\"wp-caption-text\">V ateli\u00e9ru&#8230;<\/figcaption><\/figure>\n<h2>Kdo jsem<\/h2>\n<p>Jsem hlavn\u011b vd\u011b\u010dn\u00e1, \u017ee se m\u016f\u017eu \u017eivit n\u011b\u010d\u00edm, co d\u011bl\u00e1 lidem <strong>radost<\/strong>. Um\u011bn\u00ed je pro m\u011b osobn\u00ed v\u011bc a kdy\u017e se m\u00e1m prezentovat n\u011bkde na ve\u0159ejnosti, m\u00e1m v\u017edycky tr\u00e9mu. Proto mi v\u00edc vyhovuje poznat ka\u017ed\u00e9ho z\u00e1kazn\u00edka, vytvo\u0159it si s n\u00edm pouto a namalovat origin\u00e1l p\u0159\u00edmo pro n\u011bj.<\/p>\n<blockquote><p>Va\u0161e p\u0159\u00edb\u011bhy jsou pro m\u011b d\u016fle\u017eitou inspirac\u00ed a hnac\u00edm motorem.<\/p><\/blockquote>\n<\/div>\n<p>Jestli hled\u00e1te n\u011bco v\u00edc, ne\u017e plak\u00e1t z hobbymarketu, bude mi ct\u00ed s v\u00e1mi spolupracovat. Kdy\u017e to z n\u011bjak\u00e9ho d\u016fvodu nejde osobn\u011b (t\u0159eba kdy\u017e si u m\u011b objedn\u00e1te n\u011b\u010d\u00ed portr\u00e9t jako d\u00e1rek), vysta\u010d\u00edm si i s fotografiemi. V\u017edycky pro m\u011b bude d\u016fle\u017eit\u00e9, aby m\u011bl obraz jedine\u010dnou atmosf\u00e9ru a t\u011b\u0161il v\u00e1s poka\u017ed\u00e9, kdy\u017e se na n\u011bj pod\u00edv\u00e1te.<\/p>\n<h2>Co maluji<\/h2>\n<p>Nej\u010dast\u011bji kresl\u00edm a maluju <strong>zv\u00ed\u0159ata<\/strong> a <strong>portr\u00e9ty lid\u00ed<\/strong>. Posledn\u00ed dobou objevuji tak\u00e9 nespoutan\u00e9 mo\u017enosti <strong>abstraktn\u00ed malby<\/strong>.<\/p>\n<p>Zv\u00ed\u0159ata jsou odjak\u017eiva m\u00fdm velk\u00fdm t\u00e9matem, kter\u00e9 se prol\u00edn\u00e1 celou mou um\u011bleckou tvorbou. T\u0159eba kon\u011b. P\u0159edstavuj\u00ed pro m\u011b symbol osobn\u00ed svobody, volnosti, nespoutanosti, z\u00e1rove\u0148 v\u0161ak kr\u00e1su, s\u00edlu, eleganci a v\u011b\u010dn\u00e9 pouto s p\u0159\u00edrodou i vesm\u00edrem. Z\u0159ejm\u011b m\u00e1m za \u00fakol prost\u0159ednictv\u00edm sv\u00fdch obraz\u016f prohloubit u lid\u00ed vztah k p\u0159\u00edrod\u011b&#8230;<\/p>\n<p>Nejrad\u011bji m\u00e1m olejomalbu, ale r\u00e1da experimentuji i s jin\u00fdmi technikami. S kamar\u00e1dkou Barborou Kali\u0161ovou tvo\u0159\u00edme dokonce cel\u00e9 <strong>origin\u00e1ln\u00ed interi\u00e9ry<\/strong>.<\/p>\n<h2>Moje um\u011bleck\u00e1 dr\u00e1ha<\/h2>\n<div class=\"column\">\n<p>V roce 2000 jsem definitivn\u011b opustila sv\u00e9 p\u016fvodn\u00ed povol\u00e1n\u00ed veterin\u00e1rn\u00ed l\u00e9ka\u0159ky a vydala se po nejist\u00e9 cest\u011b tam, kam m\u011b to od d\u011btstv\u00ed t\u00e1hlo. K um\u011bn\u00ed.<\/p>\n<p>Rozhodla jsem se st\u00e1t mal\u00ed\u0159kou. Nemohla jsem to vzd\u00e1t. D\u00edky podpo\u0159e m\u00e9ho man\u017eela a cel\u00e9 rodiny jsem n\u011bkolik n\u00e1sleduj\u00edc\u00edch let objevovala, v \u010dem jsem dobr\u00e1.<\/p>\n<p>Svou roli nakonec sehr\u00e1la i l\u00e9ta str\u00e1ven\u00e1 u veterin\u00e1rn\u00edho l\u00e9ka\u0159stv\u00ed. Dodnes \u010derp\u00e1m ze znalosti anatomie a zv\u00ed\u0159ec\u00edch druh\u016f.<\/p>\n<p>V roce 2010 jsem se \u0161t\u011btcem vstoupila do prostoru. Pod zna\u010dkou <a href=\"https:\/\/www.lunaluna.cz\">LunaLuna<\/a> vytv\u00e1\u0159\u00edme autorsk\u00e9 \u0161tukov\u00e9 om\u00edtky a realizujeme um\u011blecky ztv\u00e1rn\u011bn\u00e9 interi\u00e9ry.<\/p>\n<p>V sou\u010dasnosti se v\u011bnuji hlavn\u011b malb\u011b obraz\u016f na zak\u00e1zku ve sv\u00e9m ateli\u00e9ru. R\u00e1da v\u00e1s pozvu na k\u00e1vu nebo v\u00edno a provedu v\u00e1s osobn\u011b!<\/p>\n<p>&nbsp;<\/p>\n<p>&nbsp;<\/p>\n<p>&nbsp;<\/p>\n<p>&nbsp;<\/p>\n<p>&nbsp;<\/p>\n<figure id=\"attachment_119\" aria-describedby=\"caption-attachment-119\" style=\"width: 1200px\" class=\"wp-caption aligncenter\"><img loading=\"lazy\" class=\"wp-image-119 size-full\" src=\"http:\/\/www.wallo.cz\/wp-content\/uploads\/2018\/08\/isabela-wallo-foto-malirka-se-psem.jpg\" alt=\"fotografie malirky isabely wallo se psem\" width=\"1200\" height=\"802\" srcset=\"https:\/\/www.wallo.cz\/wp-content\/uploads\/2018\/08\/isabela-wallo-foto-malirka-se-psem.jpg 1200w, https:\/\/www.wallo.cz\/wp-content\/uploads\/2018\/08\/isabela-wallo-foto-malirka-se-psem-300x201.jpg 300w, https:\/\/www.wallo.cz\/wp-content\/uploads\/2018\/08\/isabela-wallo-foto-malirka-se-psem-768x513.jpg 768w, https:\/\/www.wallo.cz\/wp-content\/uploads\/2018\/08\/isabela-wallo-foto-malirka-se-psem-1024x684.jpg 1024w\" sizes=\"(max-width: 1200px) 100vw, 1200px\" \/><figcaption id=\"caption-attachment-119\" class=\"wp-caption-text\">Zv\u00ed\u0159aty se obklopuji nejen na obrazech&#8230;<\/figcaption><\/figure>\n<p style=\"text-align: center;\">Napi\u0161te mi, jak\u00fd obraz byste si p\u0159\u00e1li!<\/p>\n<p style=\"text-align: center;\"><span class='mb-center maxbutton-1-center'><span class='maxbutton-1-container mb-container'><a class=\"maxbutton-1 maxbutton maxbutton-chci-obraz\" title=\"Jak po\u0159\u00eddit obraz na zak\u00e1zku?\" href=\"https:\/\/www.wallo.cz\/index.php\/tvorba-na-prani\/\"><span class='mb-text'>Chci obraz...<\/span><\/a><\/span><\/span><\/p>\n<p>&nbsp;<\/p>\n<\/div>\n<\/div>\n<\/div>\n<\/div>\n","protected":false},"excerpt":{"rendered":"<p>Kdo jsem Jsem hlavn\u011b vd\u011b\u010dn\u00e1, \u017ee se m\u016f\u017eu \u017eivit n\u011b\u010d\u00edm, co d\u011bl\u00e1 lidem radost. Um\u011bn\u00ed je pro m\u011b osobn\u00ed v\u011bc a kdy\u017e se m\u00e1m prezentovat n\u011bkde na ve\u0159ejnosti, m\u00e1m v\u017edycky tr\u00e9mu. Proto mi v\u00edc vyhovuje poznat ka\u017ed\u00e9ho z\u00e1kazn\u00edka, vytvo\u0159it si s n\u00edm pouto a namalovat origin\u00e1l p\u0159\u00edmo pro n\u011bj. Va\u0161e p\u0159\u00edb\u011bhy jsou pro m\u011b d\u016fle\u017eitou [&hellip;]<\/p>\n","protected":false},"author":1,"featured_media":0,"parent":0,"menu_order":3,"comment_status":"closed","ping_status":"closed","template":"","meta":{"_monsterinsights_skip_tracking":false,"_monsterinsights_sitenote_active":false,"_monsterinsights_sitenote_note":"","_monsterinsights_sitenote_category":0},"_links":{"self":[{"href":"https:\/\/www.wallo.cz\/index.php\/wp-json\/wp\/v2\/pages\/10"}],"collection":[{"href":"https:\/\/www.wallo.cz\/index.php\/wp-json\/wp\/v2\/pages"}],"about":[{"href":"https:\/\/www.wallo.cz\/index.php\/wp-json\/wp\/v2\/types\/page"}],"author":[{"embeddable":true,"href":"https:\/\/www.wallo.cz\/index.php\/wp-json\/wp\/v2\/users\/1"}],"replies":[{"embeddable":true,"href":"https:\/\/www.wallo.cz\/index.php\/wp-json\/wp\/v2\/comments?post=10"}],"version-history":[{"count":15,"href":"https:\/\/www.wallo.cz\/index.php\/wp-json\/wp\/v2\/pages\/10\/revisions"}],"predecessor-version":[{"id":303,"href":"https:\/\/www.wallo.cz\/index.php\/wp-json\/wp\/v2\/pages\/10\/revisions\/303"}],"wp:attachment":[{"href":"https:\/\/www.wallo.cz\/index.php\/wp-json\/wp\/v2\/media?parent=10"}],"curies":[{"name":"wp","href":"https:\/\/api.w.org\/{rel}","templated":true}]}}